{"id":22,"date":"2024-03-23T22:58:15","date_gmt":"2024-03-23T21:58:15","guid":{"rendered":"http:\/\/deutsche-sorge.de\/?page_id=22"},"modified":"2024-03-23T23:40:44","modified_gmt":"2024-03-23T22:40:44","slug":"22-2","status":"publish","type":"page","link":"https:\/\/deutsche-sorge.de\/","title":{"rendered":"Startseite"},"content":{"rendered":"<p>[et_pb_section fb_built=&#8220;1&#8243; _builder_version=&#8220;4.24.2&#8243; _module_preset=&#8220;default&#8220; global_colors_info=&#8220;{}&#8220;][et_pb_row _builder_version=&#8220;4.24.2&#8243; _module_preset=&#8220;default&#8220; global_colors_info=&#8220;{}&#8220;][et_pb_column type=&#8220;4_4&#8243; _builder_version=&#8220;4.24.2&#8243; _module_preset=&#8220;default&#8220; global_colors_info=&#8220;{}&#8220;][et_pb_heading title=&#8220;In Ihren vier W\u00e4nden&#8220; _builder_version=&#8220;4.24.2&#8243; _module_preset=&#8220;default&#8220; title_font=&#8220;|600|||||||&#8220; title_text_color=&#8220;#000000&#8243; title_font_size=&#8220;41px&#8220; min_height=&#8220;59px&#8220; custom_padding=&#8220;1px|||||&#8220; global_colors_info=&#8220;{}&#8220;][\/et_pb_heading][\/et_pb_column][\/et_pb_row][et_pb_row column_structure=&#8220;1_2,1_2&#8243; _builder_version=&#8220;4.24.2&#8243; _module_preset=&#8220;default&#8220; global_colors_info=&#8220;{}&#8220;][et_pb_column type=&#8220;1_2&#8243; _builder_version=&#8220;4.24.2&#8243; _module_preset=&#8220;default&#8220; global_colors_info=&#8220;{}&#8220;][et_pb_image src=&#8220;http:\/\/deutsche-sorge.de\/wp-content\/uploads\/2024\/03\/Reinigungskraft.jpg&#8220; title_text=&#8220;Reinigungskraft&#8220; _builder_version=&#8220;4.24.2&#8243; _module_preset=&#8220;default&#8220; global_colors_info=&#8220;{}&#8220; width=&#8220;63.9%&#8220;][\/et_pb_image][\/et_pb_column][et_pb_column type=&#8220;1_2&#8243; _builder_version=&#8220;4.24.2&#8243; _module_preset=&#8220;default&#8220; global_colors_info=&#8220;{}&#8220;][et_pb_text _builder_version=&#8220;4.24.2&#8243; _module_preset=&#8220;default&#8220; global_colors_info=&#8220;{}&#8220;]<\/p>\n<p>Unterst\u00fctzung mit Herz und Hand: Um im Alter gr\u00f6\u00dftm\u00f6gliche pers\u00f6nliche Unabh\u00e4ngigkeit und Freiheit zu erhalten, unterst\u00fctzen wir mit unserem Angebot \u201eIN-IHREN-VIER-W\u00c4NDEN\u201c Pflegebed\u00fcrftige zu Hause, unabh\u00e4ngig vom Krankheitsbild.<br \/>Unsere guten Geister unterst\u00fctzen bei der Reinigung, leisten Hilfe beim Einkauf und gehen Ihnen zur Hand, wenn W\u00e4sche zu Waschen ist. Oberstes Ziel ist die selbst\u00e4ndige Lebensf\u00fchrung in Ihren vier W\u00e4nden, die Aufrechterhaltung des Lebensstils und eine Steigerung der Lebensqualit\u00e4t.<\/p>\n<p>[\/et_pb_text][et_pb_text _builder_version=&#8220;4.24.2&#8243; _module_preset=&#8220;default&#8220; global_colors_info=&#8220;{}&#8220;]<\/p>\n<p>Unser Angebot ist von der Senatsverwaltung f\u00fcr Wissenschaft, Gesundheit und Pflege anerkannt.<\/p>\n<p>Unser Angebot mit Abrechnung \u00fcber die Pflegekasse ist derzeit auf den Berliner Bezirk Steglitz-Zehlendorf beschr\u00e4nkt.<\/p>\n<p>[\/et_pb_text][et_pb_text _builder_version=&#8220;4.24.2&#8243; _module_preset=&#8220;default&#8220; global_colors_info=&#8220;{}&#8220;]<\/p>\n<p>Wir sind Montag bis Donnerstag von 8.30 Uhr bis 15.30 Uhr f\u00fcr Sie telefonisch erreichbar:<\/p>\n<p>030 &#8211; 844 15 56-10<\/p>\n<p><a href=\"mailto:info@deutsche\">info@deutsche-sorge.de<\/a><\/p>\n<p>Wir freuen uns\u00a0 \u00fcber Ihren Anruf!<\/p>\n<p>[\/et_pb_text][\/et_pb_column][\/et_pb_row][\/et_pb_section]<\/p>\n","protected":false},"excerpt":{"rendered":"<p>Unterst\u00fctzung mit Herz und Hand: Um im Alter gr\u00f6\u00dftm\u00f6gliche pers\u00f6nliche Unabh\u00e4ngigkeit und Freiheit zu erhalten, unterst\u00fctzen wir mit unserem Angebot \u201eIN-IHREN-VIER-W\u00c4NDEN\u201c Pflegebed\u00fcrftige zu Hause, unabh\u00e4ngig vom Krankheitsbild.Unsere guten Geister unterst\u00fctzen bei der Reinigung, leisten Hilfe beim Einkauf und gehen Ihnen zur Hand, wenn W\u00e4sche zu Waschen ist. Oberstes Ziel ist die selbst\u00e4ndige Lebensf\u00fchrung in Ihren [&hellip;]<\/p>\n","protected":false},"author":2,"featured_media":0,"parent":0,"menu_order":0,"comment_status":"closed","ping_status":"closed","template":"","meta":{"_et_pb_use_builder":"on","_et_pb_old_content":"","_et_gb_content_width":"","footnotes":""},"class_list":["post-22","page","type-page","status-publish","hentry"],"_links":{"self":[{"href":"https:\/\/deutsche-sorge.de\/index.php?rest_route=\/wp\/v2\/pages\/22","targetHints":{"allow":["GET"]}}],"collection":[{"href":"https:\/\/deutsche-sorge.de\/index.php?rest_route=\/wp\/v2\/pages"}],"about":[{"href":"https:\/\/deutsche-sorge.de\/index.php?rest_route=\/wp\/v2\/types\/page"}],"author":[{"embeddable":true,"href":"https:\/\/deutsche-sorge.de\/index.php?rest_route=\/wp\/v2\/users\/2"}],"replies":[{"embeddable":true,"href":"https:\/\/deutsche-sorge.de\/index.php?rest_route=%2Fwp%2Fv2%2Fcomments&post=22"}],"version-history":[{"count":7,"href":"https:\/\/deutsche-sorge.de\/index.php?rest_route=\/wp\/v2\/pages\/22\/revisions"}],"predecessor-version":[{"id":53,"href":"https:\/\/deutsche-sorge.de\/index.php?rest_route=\/wp\/v2\/pages\/22\/revisions\/53"}],"wp:attachment":[{"href":"https:\/\/deutsche-sorge.de\/index.php?rest_route=%2Fwp%2Fv2%2Fmedia&parent=22"}],"curies":[{"name":"wp","href":"https:\/\/api.w.org\/{rel}","templated":true}]}}