{"id":55,"date":"2024-04-17T10:35:50","date_gmt":"2024-04-17T08:35:50","guid":{"rendered":"http:\/\/deutsche-sorge.de\/?page_id=55"},"modified":"2024-04-17T10:41:14","modified_gmt":"2024-04-17T08:41:14","slug":"55-2","status":"publish","type":"page","link":"https:\/\/deutsche-sorge.de\/?page_id=55","title":{"rendered":"AGB"},"content":{"rendered":"<p>[et_pb_section fb_built=&#8220;1&#8243; _builder_version=&#8220;4.24.2&#8243; _module_preset=&#8220;default&#8220; global_colors_info=&#8220;{}&#8220;][et_pb_row column_structure=&#8220;1_2,1_2&#8243; _builder_version=&#8220;4.24.2&#8243; _module_preset=&#8220;default&#8220; global_colors_info=&#8220;{}&#8220;][et_pb_column type=&#8220;1_2&#8243; _builder_version=&#8220;4.24.2&#8243; _module_preset=&#8220;default&#8220; global_colors_info=&#8220;{}&#8220;][\/et_pb_column][et_pb_column type=&#8220;1_2&#8243; _builder_version=&#8220;4.24.2&#8243; _module_preset=&#8220;default&#8220; global_colors_info=&#8220;{}&#8220;][et_pb_text _builder_version=&#8220;4.24.2&#8243; _module_preset=&#8220;default&#8220; global_colors_info=&#8220;{}&#8220;]<\/p>\n<p>Allgemeine Gesch\u00e4ftsbedingungen<\/p>\n<p>Stand 1. April 2024<\/p>\n<ol>\n<li><strong> Gegenstand<\/strong><\/li>\n<\/ol>\n<p>Die Deutsche Sorge \u2013 Soziale Dienste in Berlin \u2013 Wild, S\u00f6hne &amp; T\u00f6chter UG (folgend nur Deutsche Sorge benannt) stellt f\u00fcr Pflegebed\u00fcrftige flei\u00dfige Helfer zur Verf\u00fcgung, um einen Verbleib der Pflegebed\u00fcrftigen in den eigenen vier W\u00e4nden m\u00f6glichst lange zu unterst\u00fctzen.<\/p>\n<ol start=\"2\">\n<li><strong> Leistung und Zahlung<\/strong><\/li>\n<\/ol>\n<p>Sofern nichts anderes vereinbart wird, ist der Rechnungspreis innerhalb von 14 Tagen nach Rechungsstellung zu zahlen. Die Deutsche Sorge ist berechtigt Verzugszinsen in H\u00f6he von 5 % \u00fcber dem jeweiligen Basiszinssatz p. a. zu berechnen.<\/p>\n<ol start=\"3\">\n<li><strong> Terminabsage<\/strong><\/li>\n<\/ol>\n<p>Sollte ein vereinbarter Termin nicht 24 Stunden vor Beginn der Dienstleistung abgesagt werden oder den Mitarbeitern der Deutschen Sorge die M\u00f6glichkeit der Auftragserf\u00fcllung nicht gew\u00e4hrt werden, ist die Deutsche Sorge berechtigt, die vereinbarte Leistung in Rechnung zu stellen.<\/p>\n<ol start=\"4\">\n<li><strong> Gew\u00e4hrleistung und M\u00e4ngelr\u00fcge<\/strong><\/li>\n<\/ol>\n<p>Soweit die ausgef\u00fchrte T\u00e4tigkeit nicht den subjektiven Anforderungen des\/der Pflegebed\u00fcrftigen oder den objektiven Anforderungen einer \u00fcblichen Haushaltsarbeit-Ausf\u00fchrung entspricht, so sind wir zur Nacherf\u00fcllung verpflichtet und berechtigt.<\/p>\n<ol start=\"5\">\n<li><strong> Haftung<\/strong><\/li>\n<\/ol>\n<p>Wir haften f\u00fcr Sch\u00e4den, die unsere Mitarbeiter durch einfache Fahrl\u00e4ssigkeit verursacht werden in H\u00f6he der von uns abgeschlossenen Betriebshaftpflichtversicherung. Wir haften jedoch nur, soweit die Sch\u00e4den in typischer Weise mit dem Vertrag verbunden und vorhersehbar sind. Bei einfachen fahrl\u00e4ssigen Verletzungen nicht vertragswesentlicher Nebenpflichten haften wir im \u00dcbrigen nicht.<\/p>\n<ol start=\"6\">\n<li><strong> Sonstiges\/Salvatorische Klausel<\/strong><\/li>\n<\/ol>\n<p>Dieser Vertrag und die gesamten Rechtsbeziehungen der Parteien unterliegen dem Recht der Bundesrepublik Deutschland. Gerichtsstand ist Berlin.<\/p>\n<p>Sollten einzelne Bestimmungen dieses Vertrages unwirksam sein oder werden oder eine L\u00fccke enthalten, so bleiben die \u00fcbrigen Bestimmungen hiervon unber\u00fchrt.<\/p>\n<p>[\/et_pb_text][\/et_pb_column][\/et_pb_row][\/et_pb_section]<\/p>\n","protected":false},"excerpt":{"rendered":"<p>Allgemeine Gesch\u00e4ftsbedingungen Stand 1. April 2024 Gegenstand Die Deutsche Sorge \u2013 Soziale Dienste in Berlin \u2013 Wild, S\u00f6hne &amp; T\u00f6chter UG (folgend nur Deutsche Sorge benannt) stellt f\u00fcr Pflegebed\u00fcrftige flei\u00dfige Helfer zur Verf\u00fcgung, um einen Verbleib der Pflegebed\u00fcrftigen in den eigenen vier W\u00e4nden m\u00f6glichst lange zu unterst\u00fctzen. Leistung und Zahlung Sofern nichts anderes vereinbart wird, [&hellip;]<\/p>\n","protected":false},"author":2,"featured_media":0,"parent":0,"menu_order":0,"comment_status":"closed","ping_status":"closed","template":"","meta":{"_et_pb_use_builder":"on","_et_pb_old_content":"","_et_gb_content_width":"","footnotes":""},"class_list":["post-55","page","type-page","status-publish","hentry"],"_links":{"self":[{"href":"https:\/\/deutsche-sorge.de\/index.php?rest_route=\/wp\/v2\/pages\/55","targetHints":{"allow":["GET"]}}],"collection":[{"href":"https:\/\/deutsche-sorge.de\/index.php?rest_route=\/wp\/v2\/pages"}],"about":[{"href":"https:\/\/deutsche-sorge.de\/index.php?rest_route=\/wp\/v2\/types\/page"}],"author":[{"embeddable":true,"href":"https:\/\/deutsche-sorge.de\/index.php?rest_route=\/wp\/v2\/users\/2"}],"replies":[{"embeddable":true,"href":"https:\/\/deutsche-sorge.de\/index.php?rest_route=%2Fwp%2Fv2%2Fcomments&post=55"}],"version-history":[{"count":4,"href":"https:\/\/deutsche-sorge.de\/index.php?rest_route=\/wp\/v2\/pages\/55\/revisions"}],"predecessor-version":[{"id":61,"href":"https:\/\/deutsche-sorge.de\/index.php?rest_route=\/wp\/v2\/pages\/55\/revisions\/61"}],"wp:attachment":[{"href":"https:\/\/deutsche-sorge.de\/index.php?rest_route=%2Fwp%2Fv2%2Fmedia&parent=55"}],"curies":[{"name":"wp","href":"https:\/\/api.w.org\/{rel}","templated":true}]}}